{"id":147,"date":"2016-07-06T11:53:23","date_gmt":"2016-07-06T11:53:23","guid":{"rendered":"http:\/\/schneider-projekt-consult.com\/?page_id=147"},"modified":"2019-03-25T16:17:12","modified_gmt":"2019-03-25T16:17:12","slug":"berlin-marburger-strasse","status":"publish","type":"page","link":"https:\/\/schneider-projekt-consult.com\/?page_id=147","title":{"rendered":"Berlin, Marburger Stra\u00dfe"},"content":{"rendered":"<p><span style=\"color: #003366;\"><strong>Projekt:<\/strong><\/span><\/p>\n<p><span style=\"color: #003366;\">Diabetes-Klinikhotel und exklusives Wohnen<\/span><br \/>\n<span style=\"color: #003366;\">Marburger Stra\u00dfe 12\/13<\/span><br \/>\n<span style=\"color: #003366;\">10789 Berlin<\/span><\/p>\n<p><span style=\"color: #003366;\"><strong>Projektbeschreibung:<\/strong><\/span><\/p>\n<p><span style=\"color: #003366;\">Das Diabetes-Klinikhotel erstreckt sich auf 5.774 m\u00b2 vom Untergeschoss bis zum 3. Obergeschoss. Die 28 exklusiv und hochwertig ausgestatteten Eigentumswohnungen (38 m\u00b2 bis 199 m\u00b2) befinden sich auf dem 4., 5. und 6. Obergeschoss, sowie dem Dachgeschoss auf insgesamt 5.438 m\u00b2.<\/span><\/p>\n<p><span style=\"color: #003366;\">Der 7-geschossige Bauk\u00f6rper erh\u00e4lt in der Kernzone ein \u00fcberdachtes Atrium vom Erdgeschoss bis zum 3. Obergeschoss, indem die Etagen durch eine Treppenanlage und Aufz\u00fcge verbunden sind. Ab dem 4. Obergeschoss wird dieses Atrium als offener Innenhof weitergef\u00fchrt, der die Wohnungen durch ein Laubengangsystem mit an dem Giebelw\u00e4nden liegenden Treppenh\u00e4usern und Aufz\u00fcgen erschlie\u00dft.<\/span><\/p>\n<p><span style=\"color: #003366;\">Die Wohnungen im 5. und 6. Obergeschoss sind zum Teil als Maisonette-Wohnungen mit internen Treppen konzipiert. Alle Wohnungen des 6. Geschosses haben den Wohnungen zugeordnete Dachterassen mit gro\u00dffl\u00e4chig verglasten Studios.<\/span><\/p>\n<p><span style=\"color: #003366;\"><strong>\u00dcbersicht:<\/strong><\/span><\/p>\n<table style=\"height: 259px;\" width=\"308\">\n<tbody>\n<tr>\n<td width=\"151\"><span style=\"color: #003366;\">Grundst\u00fcck<\/span><\/td>\n<td width=\"151\"><span style=\"color: #003366;\">2.648 m\u00b2<\/span><\/td>\n<\/tr>\n<tr>\n<td width=\"151\"><span style=\"color: #003366;\">Gesamtnutzfl\u00e4che:<\/span><\/td>\n<td width=\"151\"><span style=\"color: #003366;\">11.162 m\u00b2<\/span><\/td>\n<\/tr>\n<tr>\n<td width=\"151\"><\/td>\n<td width=\"151\"><\/td>\n<\/tr>\n<tr>\n<td width=\"151\"><span style=\"color: #003366;\">Anteil Wohnen<\/span><\/td>\n<td width=\"151\"><span style=\"color: #003366;\">49 %<\/span><\/td>\n<\/tr>\n<tr>\n<td width=\"151\"><span style=\"color: #003366;\">Anteil Klinik<\/span><\/td>\n<td width=\"151\"><span style=\"color: #003366;\">51 %<\/span><\/td>\n<\/tr>\n<\/tbody>\n<\/table>\n<p><span style=\"color: #003366;\"><strong>Tiefgaragenstellpl\u00e4tze:<\/strong><\/span><\/p>\n<table style=\"height: 118px;\" width=\"302\">\n<tbody>\n<tr>\n<td width=\"151\"><span style=\"color: #003366;\">Einzelstellpl\u00e4tze<\/span><\/td>\n<td width=\"151\"><span style=\"color: #003366;\">23<\/span><\/td>\n<\/tr>\n<tr>\n<td width=\"151\"><span style=\"color: #003366;\">Doppelparker-Stellpl\u00e4tze<\/span><\/td>\n<td width=\"151\"><span style=\"color: #003366;\">26<\/span><\/td>\n<\/tr>\n<\/tbody>\n<\/table>\n","protected":false},"excerpt":{"rendered":"<p>Projekt: Diabetes-Klinikhotel und exklusives Wohnen Marburger Stra\u00dfe 12\/13 10789 Berlin Projektbeschreibung: Das Diabetes-Klinikhotel erstreckt sich auf 5.774 m\u00b2 vom Untergeschoss bis zum 3. Obergeschoss. Die 28 exklusiv und hochwertig ausgestatteten Eigentumswohnungen (38 m\u00b2 bis 199 m\u00b2) befinden sich auf dem 4., 5. und 6. Obergeschoss, sowie dem Dachgeschoss auf insgesamt 5.438 m\u00b2. Der 7-geschossige Bauk\u00f6rper [&hellip;]<\/p>\n","protected":false},"author":2,"featured_media":0,"parent":38,"menu_order":0,"comment_status":"closed","ping_status":"closed","template":"","meta":{"_acf_changed":false,"footnotes":""},"class_list":["post-147","page","type-page","status-publish","hentry"],"acf":[],"_links":{"self":[{"href":"https:\/\/schneider-projekt-consult.com\/index.php?rest_route=\/wp\/v2\/pages\/147","targetHints":{"allow":["GET"]}}],"collection":[{"href":"https:\/\/schneider-projekt-consult.com\/index.php?rest_route=\/wp\/v2\/pages"}],"about":[{"href":"https:\/\/schneider-projekt-consult.com\/index.php?rest_route=\/wp\/v2\/types\/page"}],"author":[{"embeddable":true,"href":"https:\/\/schneider-projekt-consult.com\/index.php?rest_route=\/wp\/v2\/users\/2"}],"replies":[{"embeddable":true,"href":"https:\/\/schneider-projekt-consult.com\/index.php?rest_route=%2Fwp%2Fv2%2Fcomments&post=147"}],"version-history":[{"count":9,"href":"https:\/\/schneider-projekt-consult.com\/index.php?rest_route=\/wp\/v2\/pages\/147\/revisions"}],"predecessor-version":[{"id":436,"href":"https:\/\/schneider-projekt-consult.com\/index.php?rest_route=\/wp\/v2\/pages\/147\/revisions\/436"}],"up":[{"embeddable":true,"href":"https:\/\/schneider-projekt-consult.com\/index.php?rest_route=\/wp\/v2\/pages\/38"}],"wp:attachment":[{"href":"https:\/\/schneider-projekt-consult.com\/index.php?rest_route=%2Fwp%2Fv2%2Fmedia&parent=147"}],"curies":[{"name":"wp","href":"https:\/\/api.w.org\/{rel}","templated":true}]}}