{"id":369,"date":"2018-11-07T10:02:09","date_gmt":"2018-11-07T10:02:09","guid":{"rendered":"http:\/\/schneider-projekt-consult.com\/?page_id=369"},"modified":"2024-03-04T16:51:40","modified_gmt":"2024-03-04T16:51:40","slug":"datenschutzbestimmungen","status":"publish","type":"page","link":"https:\/\/schneider-projekt-consult.com\/?page_id=369","title":{"rendered":"Datenschutzbestimmungen"},"content":{"rendered":"\n<p class=\"has-text-color\" style=\"color:#04486f\">Wir informieren Sie nachfolgend gem\u00e4\u00df den gesetzlichen Vorgaben des Datenschutzrechts (insb. gem\u00e4\u00df BDSG n.F. und der europ\u00e4ischen Datenschutz-Grundverordnung \u201aDS-GVO\u2018) \u00fcber die Art, den Umfang und Zweck der Verarbeitung personenbezogener Daten durch unser Unter-nehmen. Diese Datenschutzerkl\u00e4rung gilt auch f\u00fcr unsere Websites und Sozial-Media-Profile. Bez\u00fcglich der Definition von Begriffen wie etwa \u201epersonenbezogene Daten\u201c oder \u201eVerarbeitung\u201c verweisen wir auf Art. 4 DS-GVO.<\/p>\n\n\n\n<p class=\"has-text-color\" style=\"color:#04486f\"><strong>Name und Kontaktdaten des \/ der Verantwortlichen<\/strong><br> Unser\/e Verantwortliche\/r (nachfolgend \u201eVerantwortlicher\u201c) i.S.d. Art. 4 Zif. 7 DS-GVO ist:<br> <br>SPC Schneider Projekt Consult<br>Am Waldpark 22<br>50996 K\u00f6ln<br>Gesch\u00e4ftsf\u00fchrer Walter R. Schneider<br>E-Mail-Adresse: info@projekt-consult.com<br> <br><strong>Datenarten, Zwecke der Verarbeitung und Kategorien betroffener Personen<\/strong><\/p>\n\n\n\n<p class=\"has-text-color\" style=\"color:#04486f\">Nachfolgend informieren wir\nSie \u00fcber Art, Umfang und Zweck der Erhebung, Verarbeitung und Nutzung\npersonenbezogener Daten.<\/p>\n\n\n\n<p class=\"has-text-color\" style=\"color:#04486f\"><strong>1. Arten der Daten, die wir verarbeiten<\/strong><br>Kontaktanfragen<br> <br> <strong>2. Zwecke der Verarbeitung nach Art. 13 Abs. 1 c) DS-GVO<\/strong><br> Leichten Zugang zur Website erm\u00f6glichen, Kontaktanfragen abwickeln, <br> <br> <strong>3. Kategorien der betroffenen Personen nach Art. 13 Abs. 1 e) DS-GVO<\/strong><br> Besucher\/Nutzer der Website<\/p>\n\n\n\n<p class=\"has-text-color\" style=\"color:#04486f\">Die betroffenen Personen\nwerden zusammenfassend als \u201eNutzer\u201c bezeichnet.<\/p>\n\n\n\n<p class=\"has-text-color\" style=\"color:#04486f\"> <strong>Rechtsgrundlagen der Verarbeitung personenbezogener Daten<\/strong><\/p>\n\n\n\n<p class=\"has-text-color\" style=\"color:#04486f\">Nachfolgend informieren wir\nSie \u00fcber die Rechtsgrundlagen der Verarbeitung personenbezogener Daten:<\/p>\n\n\n\n<p class=\"has-text-align-left has-text-color\" style=\"color:#04486f\">             Wenn wir Ihre Einwilligung f\u00fcr die Verarbeitung personenbezoge-nen Daten eingeholt haben, ist Art. 6 Abs. 1 S. 1 lit. a) DS-GVO Rechtsgrund-lage.<\/p>\n\n\n\n<p class=\"has-text-color\" style=\"color:#04486f\">             Ist die Verarbeitung zur Erf\u00fcllung eines Vertrags oder zur Durch-f\u00fchrung vorvertraglicher Ma\u00dfnahmen erforderlich, die auf Ihre Anfrage hin erfolgen, so ist Art. 6 Abs. 1 S. 1 lit. b) DS-GVO Rechtsgrundlage.<\/p>\n\n\n\n<p class=\"has-text-color\" style=\"color:#04486f\">             Ist die Verarbeitung zur Erf\u00fcllung einer rechtlichen Verpflichtung erforderlich, der wir unterliegen (z.B. gesetzliche Aufbewahrungspflichten), so ist Art. 6 Abs. 1 S. 1 lit. c) DS-GVO Rechtsgrundlage.<\/p>\n\n\n\n<p class=\"has-text-color\" style=\"color:#04486f\">             Ist die Verarbeitung erforderlich, um lebenswichtige Interessen der betroffenen Person oder einer anderen nat\u00fcrlichen Person zu sch\u00fctzen, so ist Art. 6 Abs. 1 S. 1 lit. d) DS-GVO Rechtsgrundlage.<\/p>\n\n\n\n<p class=\"has-text-color\" style=\"color:#04486f\">             Ist die Verarbeitung zur Wahrung unserer oder der berechtigten Interessen eines Dritten erforderlich und \u00fcberwiegen diesbez\u00fcglich Ihre Interessen oder Grundrechte und Grundfreiheiten nicht, so ist Art. 6 Abs. 1 S. 1 lit. f) DS-GVO Rechtsgrundlage.<\/p>\n\n\n\n<p class=\"has-text-color\" style=\"color:#04486f\"><strong>Weitergabe personenbezogener Daten an Dritte und Auftragsverarbeiter<\/strong><\/p>\n\n\n\n<p class=\"has-text-color\" style=\"color:#04486f\">Ohne Ihre Einwilligung geben wir grunds\u00e4tzlich keine Daten an Dritte weiter. Sollte dies doch der Fall sein, dann erfolgt die Weitergabe auf der Grundlage der zuvor genannten Rechtsgrundlagen z.B. bei der Weitergabe von Daten an Online-Paymentanbieter zur Vertragserf\u00fcllung oder aufgrund gerichtlicher Anordnung oder wegen einer gesetzlichen Verpflichtung zur Herausgabe der Daten zum Zwecke der Strafverfolgung, zur Gefahren-abwehr oder zur Durchsetzung der Rechte am geistigen Eigentum. Wir setzen zudem Auftragsverarbeiter (externe Dienstleister z.B. zum Web-hosting unserer Websites und Datenbanken) zur Verarbeitung Ihrer Daten ein. Wenn im Rahmen einer Vereinbarung zur Auftragsverarbeitung an die Auftragsverarbeiter Daten weitergegeben werden, erfolgt dies immer nach Art. 28 DS-GVO. Wir w\u00e4hlen dabei unsere Auftragsverarbeiter sorgf\u00e4ltig aus, kontrollieren diese regelm\u00e4\u00dfig und haben uns ein Weisungsrecht hinsichtlich der Daten einr\u00e4umen lassen. Zudem m\u00fcssen die Auftrags-verarbeiter geeignete technische und organisatorische Ma\u00dfnah-men getroffen haben und die Datenschutzvorschriften gem. BDSG n.F. und DS-GVO einhalten.<\/p>\n\n\n\n<p class=\"has-text-color\" style=\"color:#04486f\"><strong>Daten\u00fcbermittlung in Drittstaaten<\/strong><\/p>\n\n\n\n<p class=\"has-text-color\" style=\"color:#04486f\">Durch die Verabschiedung der europ\u00e4ischen Datenschutz-Grundverord-nung (DS-GVO) wurde eine einheitliche Grundlage f\u00fcr den Datenschutz in Europa geschaffen. Ihre Daten werden daher vorwiegend durch Unter-nehmen verarbeitet, f\u00fcr die DS-GVO Anwendung findet. Sollte doch die Verarbeitung durch Dienste Dritter au\u00dferhalb der Europ\u00e4ischen Union oder des Europ\u00e4ischen Wirtschaftsraums stattfinden, so m\u00fcssen diese die beson-deren Voraussetzungen der Art. 44 ff. DS-GVO erf\u00fcllen. Das bedeutet, die Verarbeitung erfolgt aufgrund besonderer Garantien, wie etwa die von der EU-Kommission offiziell anerkannte Feststellung eines der EU entspre-chenden Datenschutzniveaus oder der Beachtung offiziell anerkannter spezieller vertraglicher Verpflichtungen, der so genannten \u201eStandardver-tragsklauseln\u201c. Bei US-Unternehmen erf\u00fcllt die Unterwerfung unter das sog. \u201ePrivacy-Shield\u201c, dem Datenschutzabkommen zwischen der EU und den USA, diese Voraussetzungen.<\/p>\n\n\n\n<p class=\"has-text-color\" style=\"color:#04486f\"><strong>L\u00f6schung von Daten und Speicherdauer<\/strong><\/p>\n\n\n\n<p class=\"has-text-color\" style=\"color:#04486f\">Sofern nicht in dieser Datenschutzerkl\u00e4rung ausdr\u00fccklich angegeben, werden Ihre personenbezogenen Daten gel\u00f6scht oder gesperrt, sobald der Zweck f\u00fcr die Speicherung entf\u00e4llt, es sei denn deren weitere Aufbewah-rung ist zu Beweiszwecken erforderlich oder dem stehen gesetzliche Aufbewahrungspflichten entgegenstehen. Darunter fallen etwa handels-rechtliche Aufbewahrungspflichten von Gesch\u00e4ftsbriefen nach \u00a7 257 Abs. 1 HGB (6 Jahre) sowie steuerrechtliche Aufbewahrungspflichten nach \u00a7 147 Abs. 1 AO von Belegen (10 Jahre). Wenn die vorgeschriebene Aufbewah-rungsfrist abl\u00e4uft, erfolgt eine Sperrung oder L\u00f6schung Ihrer Daten, es sei denn die Speicherung ist weiterhin f\u00fcr einen Vertragsabschluss oder zur Vertragserf\u00fcllung erforderlich.<\/p>\n\n\n\n<p class=\"has-text-color\" style=\"color:#04486f\"><strong>Bestehen einer automatisierten Entscheidungsfindung<\/strong><\/p>\n\n\n\n<p class=\"has-text-color\" style=\"color:#04486f\">Wir setzen keine\nautomatische Entscheidungsfindung oder ein Profiling ein.<\/p>\n\n\n\n<p class=\"has-text-color\" style=\"color:#04486f\"><strong>Bereitstellung unserer Website und Erstellung von Logfiles<\/strong><\/p>\n\n\n\n<p class=\"has-text-color\" style=\"color:#04486f\">Wenn Sie unsere Webseite lediglich informatorisch nutzen (also keine Registrierung und auch keine anderweitige \u00dcbermittlung von Informa-tionen), erheben wir nur die personenbezogenen Daten, die Ihr Browser an unseren Server \u00fcbermittelt. Wenn Sie unsere Website betrachten m\u00f6chten, erheben wir die folgenden Daten:                                                                                   \u2022 IP-Adresse;<br> \u2022 Internet-Service-Provider des Nutzers;<br> \u2022 Datum und Uhrzeit des Abrufs;<br> \u2022 Browsertyp;<br> \u2022 Sprache und Browser-Version;<br> \u2022 Inhalt des Abrufs;<br> \u2022 Zeitzone;<br> \u2022 Zugriffsstatus\/HTTP-Statuscode;<br> \u2022 Datenmenge;<br> \u2022 Websites, von denen die Anforderung kommt;<br> \u2022 Betriebssystem.<br> Eine Speicherung dieser Daten zusammen mit anderen personenbezogenen Daten von Ihnen findet nicht statt. <\/p>\n\n\n\n<p class=\"has-text-color\" style=\"color:#04486f\">\u2022 IP-Adresse;<br> \u2022 Internet-Service-Provider des Nutzers;<br> \u2022 Datum und Uhrzeit des Abrufs;<br> \u2022 Browsertyp;<br> \u2022 Sprache und Browser-Version;<br> \u2022 Inhalt des Abrufs;<br> \u2022 Zeitzone;<br> \u2022 Zugriffsstatus\/HTTP-Statuscode;<br> \u2022 Datenmenge;<br> \u2022 Websites, von denen die Anforderung kommt;<br> \u2022 Betriebssystem.<br> Eine Speicherung dieser Daten zusammen mit anderen personenbezogenen Daten von Ihnen findet nicht statt. <\/p>\n\n\n\n<p class=\"has-text-color\" style=\"color:#04486f\">Diese Daten dienen dem Zweck der nutzerfreundlichen, funktionsf\u00e4higen und sicheren Auslieferung unserer Website an Sie mit Funktionen und Inhalten sowie deren Optimierung und statistischen Auswertung.<\/p>\n\n\n\n<p class=\"has-text-color\" style=\"color:#04486f\">Rechtsgrundlage hierf\u00fcr ist unser in den obigen Zwecken auch liegendes berechtigtes Interesse an der Datenverarbeitung nach Art. 6 Abs. 1 S.1 lit. f) DS-GVO.<\/p>\n\n\n\n<p class=\"has-text-color\" style=\"color:#04486f\">Wir speichern aus Sicherheitsgr\u00fcnden diese Daten in Server-Logfiles f\u00fcr die Speicherdauer von Tagen. Nach Ablauf dieser Frist werden diese automa-tisch gel\u00f6scht, es sei denn wir ben\u00f6tigen deren Aufbewahrung zu Beweis-zwecken bei Angriffen auf die Serverinfrastruktur oder anderen Rechts-verletzungen.<\/p>\n\n\n\n<p class=\"has-text-color\" style=\"color:#04486f\"><strong>Kontaktaufnahme per Kontaktformular \/ E-Mail \/ Fax \/ Post<\/strong><\/p>\n\n\n\n<p class=\"has-text-color\" style=\"color:#04486f\">Bei der Kontaktaufnahme mit uns per Kontaktformular, Fax, Post oder E-Mail werden Ihre Angaben zum Zwecke der Abwicklung der Kontakt-anfrage verarbeitet.<\/p>\n\n\n\n<p class=\"has-text-color\" style=\"color:#04486f\">Rechtsgrundlage f\u00fcr die Verarbeitung der Daten ist bei Vorliegen einer Einwilligung von Ihnen Art. 6 Abs. 1 S. 1 lit. a) DS-GVO. Rechtsgrundlage f\u00fcr die Verarbeitung der Daten, die im Zuge einer Kontaktanfrage oder E-Mail, eines Briefes oder Faxes \u00fcbermittelt werden, ist Art. 6 Abs. 1 S. 1 lit. f) DS-GVO. Der Verantwortliche hat ein berechtigtes Interesse an der Verarbei-tung und Speicherung der Daten, um Anfragen der Nutzer beantworten zu k\u00f6nnen, zur Beweissicherung aus Haftungsgr\u00fcnden und um ggf. seiner gesetzlichen Aufbewahrungspflichten bei Gesch\u00e4ftsbriefen nachkommen zu k\u00f6nnen. Zielt der Kontakt auf den Abschluss eines Vertrages ab, so ist zus\u00e4tzliche Rechtsgrundlage f\u00fcr die Verarbeitung Art. 6 Abs. 1 S. 1 lit. b) DS-GVO.<\/p>\n\n\n\n<p class=\"has-text-color\" style=\"color:#04486f\">Wir k\u00f6nnen Ihre Angaben und Kontaktanfrage in unserem Customer-Relationship-Management System (&#8222;CRM System&#8220;) oder einem vergleich-baren System speichern.<\/p>\n\n\n\n<p class=\"has-text-color\" style=\"color:#04486f\">Die Daten werden gel\u00f6scht, sobald sie f\u00fcr die Erreichung des Zweckes ihrer Erhebung nicht mehr erforderlich sind. F\u00fcr die personenbezogenen Daten aus der Eingabemaske des Kontaktformulars und diejenigen, die per E-Mail \u00fcbersandt wurden, ist dies dann der Fall, wenn die jeweilige Konversation mit Ihnen beendet ist. Beendet ist die Konversation dann, wenn sich aus den Umst\u00e4nden entnehmen l\u00e4sst, dass der betroffene Sachverhalt abschlie-\u00dfend gekl\u00e4rt ist. Anfragen von Nutzern, die \u00fcber einen Account bzw. Vertrag mit uns verf\u00fcgen, speichern wir bis zum Ablauf von zwei Jahren nach Vertragsbeendigung. Im Fall von gesetzlichen Archivierungspflichten erfolgt die L\u00f6schung nach deren Ablauf: Ende handelsrechtlicher (6 Jahre) und steuerrechtlicher (10 Jahre) Aufbewahrungspflicht.<\/p>\n\n\n\n<p class=\"has-text-color\" style=\"color:#04486f\">Sie haben jederzeit die M\u00f6glichkeit, die Einwilligung nach Art. 6 Abs. 1 S. 1 lit. a) DS-GVO zur Verarbeitung der personenbezogenen Daten zu wider-rufen. Nehmen Sie per E-Mail-Kontakt mit uns auf, so k\u00f6nnen Sie der Speicherung der personenbezogenen Daten jederzeit widersprechen.<\/p>\n\n\n\n<p class=\"has-text-color\" style=\"color:#04486f\"><strong>Kontaktaufnahme per Telefon<\/strong><\/p>\n\n\n\n<p class=\"has-text-color\" style=\"color:#04486f\">Bei der Kontaktaufnahme mit uns per Telefon wird Ihre Telefonnummer zur Bearbeitung der Kontaktanfrage und deren Abwicklung verarbeitet und tempor\u00e4r im RAM \/ Cache des Telefonger\u00e4tes \/ Displays gespeichert bzw. angezeigt. Die Speicherung erfolgt aus Haftungs- und Sicherheitsgr\u00fcnden, um den Beweis des Anrufs f\u00fchren zu k\u00f6nnen sowie aus wirtschaftlichen Gr\u00fcnden, um einen R\u00fcckruf zu erm\u00f6glichen. Im Falle von unberechtigten Werbeanrufen, sperren wir die Rufnummern.<\/p>\n\n\n\n<p class=\"has-text-color\" style=\"color:#04486f\">Rechtsgrundlage f\u00fcr die Verarbeitung der Telefonnummer ist Art.&nbsp;6 Abs.&nbsp;1 S. 1 lit.&nbsp;f) DS-GVO. Zielt der Kontakt auf den Abschluss eines Vertrages ab, so ist zus\u00e4tzliche Rechtsgrundlage f\u00fcr die Verarbeitung Art.&nbsp;6 Abs.&nbsp;1 lit.&nbsp;b) DS-GVO.<\/p>\n\n\n\n<p class=\"has-text-color\" style=\"color:#04486f\">Der Ger\u00e4tecache speichert die Anrufe Tage und \u00fcberschreibt bzw. l\u00f6scht sukzessiv alte Daten, bei Entsorgung des Ger\u00e4tes werden alle Daten gel\u00f6scht und der Speicher ggf. zerst\u00f6rt. Gesperrte Telefonnummer werden j\u00e4hrlich auf die Notwendigkeit der Sperrung gepr\u00fcft.<\/p>\n\n\n\n<p class=\"has-text-color\" style=\"color:#04486f\">Sie k\u00f6nnen die Anzeige der Telefonnummer verhindern, indem Sie mit unterdr\u00fcckter Telefonnummer anrufen.<\/p>\n\n\n\n<p class=\"has-text-color\" style=\"color:#04486f\"><strong>Rechte der betroffenen Person<\/strong><\/p>\n\n\n\n<p class=\"has-text-color\" style=\"color:#04486f\"><strong>Widerspruch oder Widerruf gegen die Verarbeitung Ihrer Daten<br> <br>Soweit die Verarbeitung auf Ihrer Einwilligung gem\u00e4\u00df Art. 6 Abs. 1 S. 1 lit. a), Art. 7 DS-GVO beruht, haben Sie das Recht, die Einwilligung jederzeit zu widerrufen. Die Rechtm\u00e4\u00dfigkeit der aufgrund der Ein-willigung bis zum Widerruf erfolgten Verarbeitung wird dadurch nicht ber\u00fchrt.<br> <br>Soweit wir die Verarbeitung Ihrer personenbezogenen Daten auf die Interessenabw\u00e4gung gem\u00e4\u00df Art. 6 Abs. 1 S. 1 lit. f) DS-GVO st\u00fctzen, k\u00f6nnen Sie Widerspruch gegen die Verarbeitung einlegen. Dies ist der Fall, wenn die Verarbeitung insbesondere nicht zur Erf\u00fcllung eines Vertrags mit Ihnen erforderlich ist, was von uns jeweils bei der nach-folgenden Beschreibung der Funktionen dargestellt wird. Bei Aus-\u00fcbung eines solchen Widerspruchs bitten wir um Darlegung der Gr\u00fcnde, weshalb wir Ihre personenbezogenen Daten nicht wie von uns durchgef\u00fchrt verarbeiten sollten. Im Falle Ihres begr\u00fcndeten Wider-spruchs pr\u00fcfen wir die Sachlage und werden entweder die Daten-verarbeitung einstellen bzw. anpassen oder Ihnen unsere zwingenden schutzw\u00fcrdigen Gr\u00fcnde aufzeigen, aufgrund derer wir die Verarbei-tung fortf\u00fchren.<br> <br> Sie k\u00f6nnen der Verarbeitung Ihrer personenbezogenen Daten f\u00fcr Zwecke der Werbung und Datenanalyse jederzeit widersprechen. Das Widerspruchsrecht k\u00f6nnen Sie kostenfrei aus\u00fcben. \u00dcber Ihren Werbe-widerspruch k\u00f6nnen Sie uns unter folgenden Kontaktdaten informieren:<br> <br>SPC Schneider Projekt Consult<br>Am Waldpark 22<\/strong><br>50996 K\u00f6ln<strong><br>Gesch\u00e4ftsf\u00fchrer Walter R. Schneider<br>E-Mail-Adresse: info@projekt-consult.com<\/strong><\/p>\n\n\n\n<p class=\"has-text-color\" style=\"color:#04486f\"><strong>Recht auf Auskunft<\/strong><br>Sie haben ein Recht auf Auskunft \u00fcber Ihre bei uns gespeicherten pers\u00f6n-lichen Daten nach Art. 15 DS-GVO. Dies beinhaltet insbesondere die Auskunft \u00fcber die Verarbeitungszwecke, die Kategorie der personen-bezogenen Daten, die Kategorien von Empf\u00e4ngern, gegen\u00fcber denen Ihre Daten offengelegt wurden oder werden, die geplante Speicherdauer, die Herkunft ihrer Daten, sofern diese nicht direkt bei Ihnen erhoben wurden.<\/p>\n\n\n\n<p class=\"has-text-color\" style=\"color:#04486f\"><strong>Recht auf Berichtigung<\/strong><br> Sie haben ein Recht auf Berichtigung unrichtiger oder auf Vervollst\u00e4n-digung richtiger Daten nach Art. 16 DS-GVO.<\/p>\n\n\n\n<p class=\"has-text-color\" style=\"color:#04486f\"><strong>Recht auf L\u00f6schung<\/strong><br> Sie haben ein Recht auf L\u00f6schung Ihrer bei uns gespeicherten Daten nach Art. 17 DS-GVO, es sei denn gesetzliche oder vertraglichen Aufbewahrungs-fristen oder andere gesetzliche Pflichten bzw. Rechte zur weiteren Speicherung stehen dieser entgegen.<\/p>\n\n\n\n<p class=\"has-text-color\" style=\"color:#04486f\"><strong>Recht auf Einschr\u00e4nkung<\/strong><br> Sie haben das Recht, eine Einschr\u00e4nkung bei der Verarbeitung Ihrer personenbezogenen Daten zu verlangen, wenn eine der Voraussetzungen in Art. 18 Abs. 1 lit. a) bis d) DS-GVO erf\u00fcllt ist:<br> \u2022 Wenn Sie die Richtigkeit der Sie betreffenden personenbezogenen f\u00fcr eine Dauer bestreiten, die es dem Verantwortlichen erm\u00f6glicht, die Richtigkeit der personenbezogenen Daten zu \u00fcberpr\u00fcfen;<br> <br> \u2022 die Verarbeitung unrechtm\u00e4\u00dfig ist und Sie die L\u00f6schung der personenbezogenen Daten ablehnen und stattdessen die Einschr\u00e4nkung der Nutzung der personenbezogenen Daten verlangen;<br> <br> \u2022 der Verantwortliche die personenbezogenen Daten f\u00fcr die Zwecke der Verarbeitung nicht l\u00e4nger ben\u00f6tigt, Sie diese jedoch zur Geltendmachung, Aus\u00fcbung oder Verteidigung von Rechtsanspr\u00fcchen ben\u00f6tigen, oder<br> <br> \u2022 wenn Sie Widerspruch gegen die Verarbeitung gem\u00e4\u00df Art. 21 Abs. 1 DS-GVO eingelegt haben und noch nicht feststeht, ob die berechtigten Gr\u00fcnde des Verantwortlichen gegen\u00fcber Ihren Gr\u00fcnden \u00fcberwiegen.<\/p>\n\n\n\n<p class=\"has-text-color\" style=\"color:#04486f\"><strong>Recht auf Daten\u00fcbertragbarkeit<\/strong><br>Sie haben ein Recht auf Daten\u00fcbertragbarkeit nach Art. 20 DS-GVO, was bedeutet, dass Sie die bei uns \u00fcber Sie gespeicherten personenbezogenen Daten in einem strukturierten, g\u00e4ngigen und maschinenlesbaren Format erhalten k\u00f6nnen oder die \u00dcbermittlung an einen anderen Verantwortlichen verlangen k\u00f6nnen.<\/p>\n\n\n\n<p class=\"has-text-color\" style=\"color:#04486f\"><strong>Recht auf Beschwerde<\/strong><br>Sie haben ein Recht auf Beschwerde bei einer Aufsichtsbeh\u00f6rde. In der Regel k\u00f6nnen Sie sich hierf\u00fcr an die Aufsichtsbeh\u00f6rde insbesondere in dem Mitgliedstaat ihres Aufenthaltsorts, ihres Arbeitsplatzes oder des Orts des mutma\u00dflichen Versto\u00dfes wenden.<\/p>\n\n\n\n<p class=\"has-text-color\" style=\"color:#04486f\"><strong>Datensicherheit<\/strong><\/p>\n\n\n\n<p class=\"has-text-color\" style=\"color:#04486f\">Um alle personenbezogen\nDaten, die an uns \u00fcbermittelt werden, zu sch\u00fctzen und um sicherzustellen, dass\ndie Datenschutzvorschriften von uns, aber auch unseren externen Dienstleistern\neingehalten werden, haben wir geeignete technische und organisatorische\nSicherheitsma\u00dfnahmen getroffen. Deshalb werden unter anderem alle Daten\nzwischen Ihrem Browser und unserem Server \u00fcber eine sichere SSL-Verbindung\nverschl\u00fcsselt \u00fcbertragen.<\/p>\n\n\n\n<p class=\"has-text-color\" style=\"color:#04486f\"> <br> <strong>Stand: 25.03.2019<\/strong><\/p>\n\n\n\n<p>Quelle: <a href=\"https:\/\/www.juraforum.de\/datenschutzerklaerung-muster\/\">Muster-Datenschutzerkl\u00e4rung von JuraForum.de<\/a><\/p>\n","protected":false},"excerpt":{"rendered":"<p>Wir informieren Sie nachfolgend gem\u00e4\u00df den gesetzlichen Vorgaben des Datenschutzrechts (insb. gem\u00e4\u00df BDSG n.F. und der europ\u00e4ischen Datenschutz-Grundverordnung \u201aDS-GVO\u2018) \u00fcber die Art, den Umfang und Zweck der Verarbeitung personenbezogener Daten durch unser Unter-nehmen. Diese Datenschutzerkl\u00e4rung gilt auch f\u00fcr unsere Websites und Sozial-Media-Profile. Bez\u00fcglich der Definition von Begriffen wie etwa \u201epersonenbezogene Daten\u201c oder \u201eVerarbeitung\u201c verweisen wir [&hellip;]<\/p>\n","protected":false},"author":2,"featured_media":0,"parent":0,"menu_order":0,"comment_status":"closed","ping_status":"closed","template":"","meta":{"_acf_changed":false,"footnotes":""},"class_list":["post-369","page","type-page","status-publish","hentry"],"acf":[],"_links":{"self":[{"href":"https:\/\/schneider-projekt-consult.com\/index.php?rest_route=\/wp\/v2\/pages\/369","targetHints":{"allow":["GET"]}}],"collection":[{"href":"https:\/\/schneider-projekt-consult.com\/index.php?rest_route=\/wp\/v2\/pages"}],"about":[{"href":"https:\/\/schneider-projekt-consult.com\/index.php?rest_route=\/wp\/v2\/types\/page"}],"author":[{"embeddable":true,"href":"https:\/\/schneider-projekt-consult.com\/index.php?rest_route=\/wp\/v2\/users\/2"}],"replies":[{"embeddable":true,"href":"https:\/\/schneider-projekt-consult.com\/index.php?rest_route=%2Fwp%2Fv2%2Fcomments&post=369"}],"version-history":[{"count":6,"href":"https:\/\/schneider-projekt-consult.com\/index.php?rest_route=\/wp\/v2\/pages\/369\/revisions"}],"predecessor-version":[{"id":575,"href":"https:\/\/schneider-projekt-consult.com\/index.php?rest_route=\/wp\/v2\/pages\/369\/revisions\/575"}],"wp:attachment":[{"href":"https:\/\/schneider-projekt-consult.com\/index.php?rest_route=%2Fwp%2Fv2%2Fmedia&parent=369"}],"curies":[{"name":"wp","href":"https:\/\/api.w.org\/{rel}","templated":true}]}}