{"id":38,"date":"2016-04-01T10:49:11","date_gmt":"2016-04-01T10:49:11","guid":{"rendered":"http:\/\/schneider-projekt-consult.com\/?page_id=38"},"modified":"2025-06-25T08:39:18","modified_gmt":"2025-06-25T08:39:18","slug":"projekte-archiv","status":"publish","type":"page","link":"https:\/\/schneider-projekt-consult.com\/?page_id=38","title":{"rendered":"Projekterfolge seit 1992"},"content":{"rendered":"<p><span style=\"color: #003366;\">Aus zahlreichen Projekten, die die SPC bis heute in Explikation gebracht hat, werden in den Referenzen folgende ausgew\u00e4hlte Projekte publiziert:<\/span><\/p>\n\n\n<div class=\"wp-block-group\"><div class=\"wp-block-group__inner-container is-layout-flow wp-block-group-is-layout-flow\">\n<figure class=\"wp-block-table is-style-regular\"><table class=\"has-background has-fixed-layout\" style=\"background-color:#f3f4f5\"><tbody><tr><td><em><strong>Standort<\/strong><\/em><\/td><td><strong><em>Objektart<\/em><\/strong><\/td><td class=\"has-text-align-center\" data-align=\"center\"><em><strong>Projektzeitraum<\/strong><\/em><\/td><td class=\"has-text-align-right\" data-align=\"right\"><strong><em>Volumen<\/em><\/strong><\/td><\/tr><tr><td>K\u00f6ln-Hohenlind, Werthmannstra\u00dfe<\/td><td>Caritas Neubau Ausbildungszentrum <br>f\u00fcr Pflege<\/td><td class=\"has-text-align-center\" data-align=\"center\">2020 &#8211; 2023  <\/td><td class=\"has-text-align-right\" data-align=\"right\">15 Mio. \u20ac<\/td><\/tr><tr><td><a href=\"https:\/\/schneider-projekt-consult.com\/?page_id=424\" data-type=\"page\" data-id=\"424\">K\u00f6ln-Hohenlind, Werthmannstra\u00dfe<\/a><\/td><td>Sanierung Haus van Acken, Appartements<\/td><td class=\"has-text-align-center\" data-align=\"center\">2019 &#8211; 2020<\/td><td class=\"has-text-align-right\" data-align=\"right\">6 Mio. \u20ac<\/td><\/tr><tr><td><a href=\"https:\/\/schneider-projekt-consult.com\/?page_id=307\" data-type=\"page\" data-id=\"307\">K\u00f6ln-Hohenlind, Werthmannstra\u00dfe<\/a><\/td><td>MedCampus II<\/td><td class=\"has-text-align-center\" data-align=\"center\">2017 &#8211; 2022<\/td><td class=\"has-text-align-right\" data-align=\"right\">40 Mio. \u20ac<\/td><\/tr><tr><td><a href=\"https:\/\/schneider-projekt-consult.com\/?page_id=268\" data-type=\"page\" data-id=\"268\">Erftstadt-Liblar, G.-Heinemann-Stra\u00dfe<\/a><\/td><td>Betreutes Wohnen <br>50plus<\/td><td class=\"has-text-align-center\" data-align=\"center\">2016 &#8211; 2017<\/td><td class=\"has-text-align-right\" data-align=\"right\">12 Mio. \u20ac<\/td><\/tr><tr><td><a href=\"https:\/\/schneider-projekt-consult.com\/?page_id=257\" data-type=\"page\" data-id=\"257\">Erftstadt, Holzdamm<\/a><\/td><td>Elektro-Fachmarkt<\/td><td class=\"has-text-align-center\" data-align=\"center\">2014<\/td><td class=\"has-text-align-right\" data-align=\"right\">4 Mio. \u20ac<\/td><\/tr><tr><td><a href=\"https:\/\/schneider-projekt-consult.com\/?page_id=69\" data-type=\"page\" data-id=\"69\">Solingen, Am Kirschbaumer Hof<\/a><\/td><td>Wohn- und Pflege-<br>residenz<\/td><td class=\"has-text-align-center\" data-align=\"center\">2010 &#8211; 2011<\/td><td class=\"has-text-align-right\" data-align=\"right\">9,5 Mio. \u20ac<\/td><\/tr><tr><td><a href=\"https:\/\/schneider-projekt-consult.com\/?page_id=66\" data-type=\"page\" data-id=\"66\">K\u00f6ln-Weidenpesch, Neusser Stra\u00dfe<\/a><\/td><td>Wohn- und Pflege-<br>residenz<\/td><td class=\"has-text-align-center\" data-align=\"center\">2009 &#8211; 2010<\/td><td class=\"has-text-align-right\" data-align=\"right\">16 Mio. \u20ac<\/td><\/tr><tr><td><a href=\"https:\/\/schneider-projekt-consult.com\/?page_id=47\" data-type=\"page\" data-id=\"47\">Mainz, Hechtsheimer Stra\u00dfe<\/a><\/td><td>IBM Hauptsitz Deutschland<\/td><td class=\"has-text-align-center\" data-align=\"center\">2004 &#8211; 2006<\/td><td class=\"has-text-align-right\" data-align=\"right\">75 Mio. \u20ac<\/td><\/tr><tr><td><a href=\"https:\/\/schneider-projekt-consult.com\/?page_id=109\" data-type=\"page\" data-id=\"109\">Moers, Grafschafter Passage<\/a><\/td><td>Einkaufszentrum<\/td><td class=\"has-text-align-center\" data-align=\"center\">2003<\/td><td class=\"has-text-align-right\" data-align=\"right\">21,5 Mio. \u20ac<\/td><\/tr><tr><td><a href=\"https:\/\/schneider-projekt-consult.com\/?page_id=125\" data-type=\"page\" data-id=\"125\">D\u00fcsseldorf, Kruppstra\u00dfe<\/a><\/td><td>Pflegezentrum<\/td><td class=\"has-text-align-center\" data-align=\"center\">2003<\/td><td class=\"has-text-align-right\" data-align=\"right\">14,7 Mio. \u20ac<\/td><\/tr><tr><td>Siegburg, Auf den Tongruben<\/td><td>Neubau B\u00fcrohaus<\/td><td class=\"has-text-align-center\" data-align=\"center\">2003<\/td><td class=\"has-text-align-right\" data-align=\"right\">29,6 Mio. \u20ac<\/td><\/tr><tr><td><a href=\"https:\/\/schneider-projekt-consult.com\/?page_id=132\" data-type=\"page\" data-id=\"132\">Montabaur, J.-Kehrein-Stra\u00dfe<\/a><\/td><td>Altenwohn- und <br>Pflegestift<\/td><td class=\"has-text-align-center\" data-align=\"center\">2003<\/td><td class=\"has-text-align-right\" data-align=\"right\">17,7 Mio. \u20ac<\/td><\/tr><tr><td>Hamburg, Angerstra\u00dfe<\/td><td>Wohn- und Pflege-<br>residenz<\/td><td class=\"has-text-align-center\" data-align=\"center\">2002 &#8211; 2003<\/td><td class=\"has-text-align-right\" data-align=\"right\">36,5 Mio. \u20ac<\/td><\/tr><tr><td><a href=\"https:\/\/schneider-projekt-consult.com\/?page_id=147\" data-type=\"page\" data-id=\"147\">Berlin, Marburger Stra\u00dfe<\/a><\/td><td>Diabetes Klinikhotel, gehobenes Wohnen<\/td><td class=\"has-text-align-center\" data-align=\"center\">2001 &#8211; 2002<\/td><td class=\"has-text-align-right\" data-align=\"right\">35 Mio. \u20ac<\/td><\/tr><tr><td>Hamburg, Kieler Stra\u00dfe<\/td><td>B\u00fcrohaus<\/td><td class=\"has-text-align-center\" data-align=\"center\">2001 &#8211; 2002<\/td><td class=\"has-text-align-right\" data-align=\"right\">12,6 Mio. \u20ac<\/td><\/tr><tr><td>Hamburg, Schiffbeker Weg<\/td><td>Einkaufszentrum, Mediziner u. Wohnen<\/td><td class=\"has-text-align-center\" data-align=\"center\">2001 &#8211; 2002<\/td><td class=\"has-text-align-right\" data-align=\"right\">8,7 Mio. \u20ac<\/td><\/tr><tr><td>Braunschweig, Innenstadt<\/td><td>Marriot Hotel<\/td><td class=\"has-text-align-center\" data-align=\"center\">2000<\/td><td class=\"has-text-align-right\" data-align=\"right\">13 Mio. \u20ac<\/td><\/tr><tr><td>Eisenach, Weinbergstra\u00dfe<\/td><td>Marriot Hotel<\/td><td class=\"has-text-align-center\" data-align=\"center\">2000<\/td><td class=\"has-text-align-right\" data-align=\"right\">6,5 Mio. \u20ac<\/td><\/tr><tr><td>Kassel, ICE-Bahnhof<\/td><td>Marriot Hotel<\/td><td class=\"has-text-align-center\" data-align=\"center\">2000<\/td><td class=\"has-text-align-right\" data-align=\"right\">8,6 Mio. \u20ac<\/td><\/tr><tr><td><a href=\"https:\/\/schneider-projekt-consult.com\/?page_id=151\" data-type=\"page\" data-id=\"151\">Leipzig, Virchowstra\u00dfe<\/a><\/td><td>Seniorenstift, Albausanierung<\/td><td class=\"has-text-align-center\" data-align=\"center\">1999<\/td><td class=\"has-text-align-right\" data-align=\"right\">7 Mio. \u20ac<\/td><\/tr><tr><td>Dresden, Bischofsweg<\/td><td>Wohn- und Gesch\u00e4fts-haus, Altbausanierung<\/td><td class=\"has-text-align-center\" data-align=\"center\">1998<\/td><td class=\"has-text-align-right\" data-align=\"right\">2,2 Mio. \u20ac<\/td><\/tr><tr><td>Dresden, K\u00f6nigsbr\u00fccker Stra\u00dfe<\/td><td>Wohn- und Gesch\u00e4fts-haus, Altbausanierung<\/td><td class=\"has-text-align-center\" data-align=\"center\">1998<\/td><td class=\"has-text-align-right\" data-align=\"right\">5 Mio. \u20ac<\/td><\/tr><tr><td>Dresden, Pohlandstra\u00dfe<\/td><td>Wohnhaus, Altbausanierung<\/td><td class=\"has-text-align-center\" data-align=\"center\">1998<\/td><td class=\"has-text-align-right\" data-align=\"right\">2,05 Mio. \u20ac<\/td><\/tr><tr><td>Siegburg, Auf den Tongruben<\/td><td>Neubau B\u00fcrohaus<\/td><td class=\"has-text-align-center\" data-align=\"center\">1995<\/td><td class=\"has-text-align-right\" data-align=\"right\">9,7 Mio. \u20ac<\/td><\/tr><tr><td>Siegburg, Hauptstra\u00dfe<\/td><td>Wohn- und B\u00fcrohaus<\/td><td class=\"has-text-align-center\" data-align=\"center\">1995<\/td><td class=\"has-text-align-right\" data-align=\"right\">0,8 Mio. \u20ac<\/td><\/tr><tr><td>Siegburg, Stadtmitte<\/td><td>Neubau B\u00fcrohaus<\/td><td class=\"has-text-align-center\" data-align=\"center\">1995<\/td><td class=\"has-text-align-right\" data-align=\"right\">2,05 Mio. \u20ac<\/td><\/tr><tr><td>Bonn, Siegburger Stra\u00dfe<\/td><td>B\u00fcro- und Gesch\u00e4fts-<br>haus<\/td><td class=\"has-text-align-center\" data-align=\"center\">1994<\/td><td class=\"has-text-align-right\" data-align=\"right\">3,2 Mio. \u20ac<\/td><\/tr><tr><td>Erfurt, Pfeiffengasse<\/td><td>Landesverband AWO, Altbausanierung<\/td><td class=\"has-text-align-center\" data-align=\"center\">1994<\/td><td class=\"has-text-align-right\" data-align=\"right\">2 Mio. \u20ac<\/td><\/tr><tr><td>Dresden, Stefanstra\u00dfe<\/td><td>Wohnhaus, Altbausanierung<\/td><td class=\"has-text-align-center\" data-align=\"center\">1993<\/td><td class=\"has-text-align-right\" data-align=\"right\">3 Mio. \u20ac<\/td><\/tr><tr><td>Meuselwitz, Stadtmitte<\/td><td>Einkaufszentrum<\/td><td class=\"has-text-align-center\" data-align=\"center\">1993<\/td><td class=\"has-text-align-right\" data-align=\"right\">8 Mio. \u20ac<\/td><\/tr><tr><td>Erfurt, Universit\u00e4tsstra\u00dfe<\/td><td>Hotelneubau in Raumzellenbauweise<\/td><td class=\"has-text-align-center\" data-align=\"center\">1992<\/td><td class=\"has-text-align-right\" data-align=\"right\">10,1 Mio. \u20ac<\/td><\/tr><\/tbody><\/table><\/figure>\n\n\n\n<p><\/p>\n<\/div><\/div>\n","protected":false},"excerpt":{"rendered":"<p>Aus zahlreichen Projekten, die die SPC bis heute in Explikation gebracht hat, werden in den Referenzen folgende ausgew\u00e4hlte Projekte publiziert: Standort Objektart Projektzeitraum Volumen K\u00f6ln-Hohenlind, Werthmannstra\u00dfe Caritas Neubau Ausbildungszentrum f\u00fcr Pflege 2020 &#8211; 2023 15 Mio. \u20ac K\u00f6ln-Hohenlind, Werthmannstra\u00dfe Sanierung Haus van Acken, Appartements 2019 &#8211; 2020 6 Mio. \u20ac K\u00f6ln-Hohenlind, Werthmannstra\u00dfe MedCampus II 2017 [&hellip;]<\/p>\n","protected":false},"author":2,"featured_media":0,"parent":0,"menu_order":0,"comment_status":"closed","ping_status":"closed","template":"","meta":{"_acf_changed":false,"footnotes":""},"class_list":["post-38","page","type-page","status-publish","hentry"],"acf":[],"_links":{"self":[{"href":"https:\/\/schneider-projekt-consult.com\/index.php?rest_route=\/wp\/v2\/pages\/38","targetHints":{"allow":["GET"]}}],"collection":[{"href":"https:\/\/schneider-projekt-consult.com\/index.php?rest_route=\/wp\/v2\/pages"}],"about":[{"href":"https:\/\/schneider-projekt-consult.com\/index.php?rest_route=\/wp\/v2\/types\/page"}],"author":[{"embeddable":true,"href":"https:\/\/schneider-projekt-consult.com\/index.php?rest_route=\/wp\/v2\/users\/2"}],"replies":[{"embeddable":true,"href":"https:\/\/schneider-projekt-consult.com\/index.php?rest_route=%2Fwp%2Fv2%2Fcomments&post=38"}],"version-history":[{"count":48,"href":"https:\/\/schneider-projekt-consult.com\/index.php?rest_route=\/wp\/v2\/pages\/38\/revisions"}],"predecessor-version":[{"id":1221,"href":"https:\/\/schneider-projekt-consult.com\/index.php?rest_route=\/wp\/v2\/pages\/38\/revisions\/1221"}],"wp:attachment":[{"href":"https:\/\/schneider-projekt-consult.com\/index.php?rest_route=%2Fwp%2Fv2%2Fmedia&parent=38"}],"curies":[{"name":"wp","href":"https:\/\/api.w.org\/{rel}","templated":true}]}}