{"id":69,"date":"2016-04-12T13:34:24","date_gmt":"2016-04-12T13:34:24","guid":{"rendered":"http:\/\/schneider-projekt-consult.com\/?page_id=69"},"modified":"2019-03-25T16:23:36","modified_gmt":"2019-03-25T16:23:36","slug":"wohn-und-pflegeresidenz-solingen","status":"publish","type":"page","link":"https:\/\/schneider-projekt-consult.com\/?page_id=69","title":{"rendered":"Residenz Solingen"},"content":{"rendered":"<p><span style=\"color: #003366;\"><strong>Projekt:<br \/>\n<\/strong>Wohn- und Pflegeresidenz Solingen<\/span><br \/>\n<span style=\"color: #003366;\">Am Kirschbaumer Hof<\/span><br \/>\n<span style=\"color: #003366;\">42651 Solingen<\/span><\/p>\n<p><span style=\"color: #003366;\"><strong>Projektbeschreibung:<\/strong><\/span><\/p>\n<p><span style=\"color: #003366;\">Das Pflegeheim ist eine moderne Einrichtung mit gro\u00dfem Therapiespektrum und individuellen Betreuungsleistungen.<\/span><\/p>\n<p><span style=\"color: #003366;\">Die Lage der Einrichtung und die harmonische Architektur in Hufeisenform sind der Schl\u00fcssel zum Wohlf\u00fchlen. Das Seniorenheim verf\u00fcgt \u00fcber 36 Appartements und 71 Einzel- und Doppelzimmer f\u00fcr betreutes Wohnen sowie Pflegepl\u00e4tze mit 71 Einzel- und Doppelzimmer in drei station\u00e4ren Wohnbereichen.<\/span><\/p>\n<p><span style=\"color: #003366;\">In jeweils jeder Etage ist ein Aufenthaltsraum vorhanden, in dem auch die Mahlzeiten serviert werden. Das gesamte Ph\u00f6nix Haus ist barrierefrei gestaltet.<\/span><\/p>\n<p><span style=\"color: #003366;\">Neubau einer<\/span><br \/>\n<span style=\"color: #003366;\">-vollstation\u00e4ren Pflegeeinrichtung<\/span><br \/>\n<span style=\"color: #003366;\">-Demenzstation<\/span><br \/>\n<span style=\"color: #003366;\">-Pflege- und Wohnkonzept<\/span><\/p>\n<p><span style=\"color: #003366;\">77 Betten<\/span><br \/>\n<span style=\"color: #003366;\">35 Pflege-Wohn-Appartements<\/span><\/p>\n<p><span style=\"color: #003366;\"><strong>\u00dcbersicht:<\/strong><\/span><\/p>\n<table style=\"height: 340px;\" width=\"1463\">\n<tbody>\n<tr>\n<td width=\"113\"><span style=\"color: #003366;\">Areal<\/span><\/td>\n<td width=\"151\"><span style=\"color: #003366;\">3.820 m\u00b2<\/span><\/td>\n<\/tr>\n<tr>\n<td width=\"113\"><span style=\"color: #003366;\">BGF<\/span><\/td>\n<td width=\"151\"><span style=\"color: #003366;\">8.100 m\u00b2<\/span><\/td>\n<\/tr>\n<tr>\n<td width=\"113\"><\/td>\n<td width=\"151\"><\/td>\n<\/tr>\n<tr>\n<td width=\"113\"><span style=\"color: #003366;\">Bauzeit<\/span><\/td>\n<td width=\"151\"><span style=\"color: #003366;\">2010 &#8211; 2011<\/span><\/td>\n<\/tr>\n<tr>\n<td width=\"113\"><\/td>\n<td width=\"151\"><\/td>\n<\/tr>\n<tr>\n<td width=\"113\"><span style=\"color: #003366;\">Gesamtvolumen<\/span><\/td>\n<td width=\"151\">9,5 Mio. \u20ac<\/td>\n<\/tr>\n<\/tbody>\n<\/table>\n<p><img fetchpriority=\"high\" decoding=\"async\" class=\"alignnone wp-image-77 size-large\" src=\"http:\/\/schneider-projekt-consult.com\/wp-content\/uploads\/2016\/04\/3-1-1024x376.jpg\" alt=\"3\" width=\"1024\" height=\"376\" srcset=\"https:\/\/schneider-projekt-consult.com\/wp-content\/uploads\/2016\/04\/3-1-1024x376.jpg 1024w, https:\/\/schneider-projekt-consult.com\/wp-content\/uploads\/2016\/04\/3-1-300x110.jpg 300w, https:\/\/schneider-projekt-consult.com\/wp-content\/uploads\/2016\/04\/3-1-768x282.jpg 768w, https:\/\/schneider-projekt-consult.com\/wp-content\/uploads\/2016\/04\/3-1.jpg 1060w\" sizes=\"(max-width: 1024px) 100vw, 1024px\" \/><\/p>\n<p><img decoding=\"async\" class=\"alignnone wp-image-78 size-large\" src=\"http:\/\/schneider-projekt-consult.com\/wp-content\/uploads\/2016\/04\/4-1024x278.jpg\" alt=\"4\" width=\"1024\" height=\"278\" srcset=\"https:\/\/schneider-projekt-consult.com\/wp-content\/uploads\/2016\/04\/4-1024x278.jpg 1024w, https:\/\/schneider-projekt-consult.com\/wp-content\/uploads\/2016\/04\/4-300x81.jpg 300w, https:\/\/schneider-projekt-consult.com\/wp-content\/uploads\/2016\/04\/4-768x209.jpg 768w, https:\/\/schneider-projekt-consult.com\/wp-content\/uploads\/2016\/04\/4.jpg 1436w\" sizes=\"(max-width: 1024px) 100vw, 1024px\" \/><\/p>\n","protected":false},"excerpt":{"rendered":"<p>Projekt: Wohn- und Pflegeresidenz Solingen Am Kirschbaumer Hof 42651 Solingen Projektbeschreibung: Das Pflegeheim ist eine moderne Einrichtung mit gro\u00dfem Therapiespektrum und individuellen Betreuungsleistungen. Die Lage der Einrichtung und die harmonische Architektur in Hufeisenform sind der Schl\u00fcssel zum Wohlf\u00fchlen. Das Seniorenheim verf\u00fcgt \u00fcber 36 Appartements und 71 Einzel- und Doppelzimmer f\u00fcr betreutes Wohnen sowie Pflegepl\u00e4tze mit [&hellip;]<\/p>\n","protected":false},"author":2,"featured_media":0,"parent":38,"menu_order":0,"comment_status":"closed","ping_status":"closed","template":"","meta":{"_acf_changed":false,"footnotes":""},"class_list":["post-69","page","type-page","status-publish","hentry"],"acf":[],"_links":{"self":[{"href":"https:\/\/schneider-projekt-consult.com\/index.php?rest_route=\/wp\/v2\/pages\/69","targetHints":{"allow":["GET"]}}],"collection":[{"href":"https:\/\/schneider-projekt-consult.com\/index.php?rest_route=\/wp\/v2\/pages"}],"about":[{"href":"https:\/\/schneider-projekt-consult.com\/index.php?rest_route=\/wp\/v2\/types\/page"}],"author":[{"embeddable":true,"href":"https:\/\/schneider-projekt-consult.com\/index.php?rest_route=\/wp\/v2\/users\/2"}],"replies":[{"embeddable":true,"href":"https:\/\/schneider-projekt-consult.com\/index.php?rest_route=%2Fwp%2Fv2%2Fcomments&post=69"}],"version-history":[{"count":11,"href":"https:\/\/schneider-projekt-consult.com\/index.php?rest_route=\/wp\/v2\/pages\/69\/revisions"}],"predecessor-version":[{"id":448,"href":"https:\/\/schneider-projekt-consult.com\/index.php?rest_route=\/wp\/v2\/pages\/69\/revisions\/448"}],"up":[{"embeddable":true,"href":"https:\/\/schneider-projekt-consult.com\/index.php?rest_route=\/wp\/v2\/pages\/38"}],"wp:attachment":[{"href":"https:\/\/schneider-projekt-consult.com\/index.php?rest_route=%2Fwp%2Fv2%2Fmedia&parent=69"}],"curies":[{"name":"wp","href":"https:\/\/api.w.org\/{rel}","templated":true}]}}