{"id":90,"date":"2016-05-23T09:10:39","date_gmt":"2016-05-23T09:10:39","guid":{"rendered":"http:\/\/schneider-projekt-consult.com\/?page_id=90"},"modified":"2024-03-04T16:50:32","modified_gmt":"2024-03-04T16:50:32","slug":"impressum","status":"publish","type":"page","link":"https:\/\/schneider-projekt-consult.com\/?page_id=90","title":{"rendered":"Impressum"},"content":{"rendered":"<p><span style=\"color: #003366;\">Angaben gem\u00e4\u00df \u00a7 5 TMG<\/span><\/p>\n<p><span style=\"color: #003366;\">SPC<\/span><br \/><span style=\"color: #003366;\">Schneider Projekt Consult<\/span><br \/><span style=\"color: #003366;\">Am Waldpark 22<\/span><br \/><span style=\"color: #003366;\">50996 K\u00f6ln<\/span><\/p>\n<p><span style=\"color: #003366;\"><strong>Vertreten durch<br \/><\/strong>Walter R. Schneider<\/span><\/p>\n<p><span style=\"color: #003366;\"><strong>Umsatzsteuer-ID<\/strong><\/span><br \/><span style=\"color: #003366;\">Umsatzsteuer Nr: 224\/5275\/3525<\/span><\/p>\n<p><span style=\"color: #003366;\"><strong>Wirtschafts-ID<\/strong><\/span><br \/><span style=\"color: #003366;\"><strong>Berufsbezeichnung<\/strong><\/span><br \/><span style=\"color: #003366;\">Architekten<\/span><br \/><span style=\"color: #003366;\">Zust\u00e4ndige Kammer: Architektenkammer Nordrhein-Westfalen (AKNW)<\/span><br \/><span style=\"color: #003366;\">Verliehen durch: Bundesrepublik Deutschland<\/span><\/p>\n<p><span style=\"color: #003366;\"><strong>Haftungsausschluss<br \/>Haftung f\u00fcr Inhalte<\/strong><\/span><\/p>\n<p><span style=\"color: #003366;\">Die Inhalte unserer Seiten wurden mit gr\u00f6\u00dfter Sorgfalt erstellt. F\u00fcr die Richtigkeit, Vollst\u00e4ndigkeit und Aktualit\u00e4t der Inhalte k\u00f6nnen wir jedoch keine Gew\u00e4hr \u00fcbernehmen. Als Diensteanbieter sind wir gem\u00e4\u00df \u00a7 7 Abs.1 TMG f\u00fcr eigene Inhalte auf diesen Seiten nach den allgemeinen Gesetzen verantwortlich. Nach \u00a7\u00a7 8 bis 10 TMG sind wir als Diensteanbieter jedoch nicht verpflichtet, \u00fcbermittelte oder gespeicherte fremde Informationen zu \u00fcberwachen oder nach Umst\u00e4nden zu forschen, die auf eine rechtswidrige T\u00e4tigkeit hinweisen. Verpflichtungen zur Entfernung oder Sperrung der Nutzung von Informationen nach den allgemeinen Gesetzen bleiben hier-von unber\u00fchrt. Eine diesbez\u00fcgliche Haftung ist jedoch erst ab dem Zeit-punkt der Kenntnis einer konkreten Rechtsverletzung m\u00f6glich. Bei Bekanntwerden von entsprechenden Rechtsverletzungen werden wir diese Inhalte umgehend entfernen.<\/span><\/p>\n<p><span style=\"color: #003366;\"><strong>Haftung f\u00fcr Links<\/strong><\/span><\/p>\n<p><span style=\"color: #003366;\">Unser Angebot enth\u00e4lt Links zu externen Webseiten Dritter, auf deren Inhalte wir keinen Einfluss haben. Deshalb k\u00f6nnen wir f\u00fcr diese fremden Inhalte auch keine Gew\u00e4hr \u00fcbernehmen. F\u00fcr die Inhalte der verlinkten Seiten ist stets der jeweilige Anbieter oder Betreiber der Seiten verantwort-lich. Die verlinkten Seiten wurden zum Zeitpunkt der Verlinkung auf m\u00f6gliche Rechtsverst\u00f6\u00dfe \u00fcberpr\u00fcft. Rechtswidrige Inhalte waren zum Zeitpunkt der Verlinkung nicht erkennbar. Eine permanente inhaltliche Kontrolle der verlinkten Seiten ist jedoch ohne konkrete Anhaltspunkte einer Rechtsverletzung nicht zumutbar. Bei Bekanntwerden von Rechts-verletzungen werden wir derartige Links umgehend entfernen.<\/span><\/p>\n<p><span style=\"color: #003366;\"><strong>Urheberrecht<\/strong><\/span><\/p>\n<p><span style=\"color: #003366;\">Die durch die Seitenbetreiber erstellten Inhalte und Werke auf diesen Seiten unterliegen dem deutschen Urheberrecht. Die Vervielf\u00e4ltigung, Bearbeitung, Verbreitung und jede Art der Verwertung au\u00dferhalb der Grenzen des Urheberrechtes bed\u00fcrfen der schriftlichen Zustimmung des jeweiligen Autors bzw. Erstellers. Downloads und Kopien dieser Seite sind nur f\u00fcr den privaten, nicht kommerziellen Gebrauch gestattet. Soweit die Inhalte auf dieser Seite nicht vom Betreiber erstellt wurden, werden die Urheberrechte Dritter beachtet. Insbesondere werden Inhalte Dritter als solche gekennzeichnet. Sollten Sie trotzdem auf eine Urheberrechts-verletzung aufmerksam werden, bitten wir um einen entsprechenden Hinweis. Bei Bekanntwerden von Rechtsverletzungen werden wir derartige Inhalte umgehend entfernen.<\/span><\/p>\n<p><span style=\"color: #003366;\"><strong>Datenschutz<\/strong><\/span><\/p>\n<p><span style=\"color: #003366;\">Die Nutzung unserer Webseite ist in der Regel ohne Angabe personenbezo-gener Daten m\u00f6glich. Soweit auf unseren Seiten personenbezogene Daten (beispielsweise Name, Anschrift oder E-Mail-Adressen) erhoben werden, erfolgt dies, soweit m\u00f6glich, stets auf freiwilliger Basis. Diese Daten werden ohne Ihre ausdr\u00fcckliche Zustimmung nicht an Dritte weitergegeben.<\/span><br \/><span style=\"color: #003366;\">Wir weisen darauf hin, dass die Daten\u00fcbertragung im Internet (z.B. bei der Kommunikation per E-Mail) Sicherheitsl\u00fccken aufweisen kann. Ein l\u00fccken-loser Schutz der Daten vor dem Zugriff durch Dritte ist nicht m\u00f6glich.<\/span><br \/><span style=\"color: #003366;\">Der Nutzung von im Rahmen der Impressumspflicht ver\u00f6ffentlichten Kontaktdaten durch Dritte zur \u00dcbersendung von nicht ausdr\u00fccklich ange-forderter Werbung und Informationsmaterialien wird hiermit ausdr\u00fccklich widersprochen. Die Betreiber der Seiten behalten sich ausdr\u00fccklich recht-liche Schritte im Falle der unverlangten Zusendung von Werbeinforma-tionen, etwa durch Spam-Mails, vor. Weitere Informationen finden Sie unter &#8222;Datenschutzbestimmungen&#8220;.<\/span><\/p>\n\n\n<p><\/p>\n","protected":false},"excerpt":{"rendered":"<p>Angaben gem\u00e4\u00df \u00a7 5 TMG SPCSchneider Projekt ConsultAm Waldpark 2250996 K\u00f6ln Vertreten durchWalter R. Schneider Umsatzsteuer-IDUmsatzsteuer Nr: 224\/5275\/3525 Wirtschafts-IDBerufsbezeichnungArchitektenZust\u00e4ndige Kammer: Architektenkammer Nordrhein-Westfalen (AKNW)Verliehen durch: Bundesrepublik Deutschland HaftungsausschlussHaftung f\u00fcr Inhalte Die Inhalte unserer Seiten wurden mit gr\u00f6\u00dfter Sorgfalt erstellt. F\u00fcr die Richtigkeit, Vollst\u00e4ndigkeit und Aktualit\u00e4t der Inhalte k\u00f6nnen wir jedoch keine Gew\u00e4hr \u00fcbernehmen. Als Diensteanbieter sind [&hellip;]<\/p>\n","protected":false},"author":2,"featured_media":0,"parent":0,"menu_order":0,"comment_status":"closed","ping_status":"closed","template":"","meta":{"_acf_changed":false,"footnotes":""},"class_list":["post-90","page","type-page","status-publish","hentry"],"acf":[],"_links":{"self":[{"href":"https:\/\/schneider-projekt-consult.com\/index.php?rest_route=\/wp\/v2\/pages\/90","targetHints":{"allow":["GET"]}}],"collection":[{"href":"https:\/\/schneider-projekt-consult.com\/index.php?rest_route=\/wp\/v2\/pages"}],"about":[{"href":"https:\/\/schneider-projekt-consult.com\/index.php?rest_route=\/wp\/v2\/types\/page"}],"author":[{"embeddable":true,"href":"https:\/\/schneider-projekt-consult.com\/index.php?rest_route=\/wp\/v2\/users\/2"}],"replies":[{"embeddable":true,"href":"https:\/\/schneider-projekt-consult.com\/index.php?rest_route=%2Fwp%2Fv2%2Fcomments&post=90"}],"version-history":[{"count":9,"href":"https:\/\/schneider-projekt-consult.com\/index.php?rest_route=\/wp\/v2\/pages\/90\/revisions"}],"predecessor-version":[{"id":1175,"href":"https:\/\/schneider-projekt-consult.com\/index.php?rest_route=\/wp\/v2\/pages\/90\/revisions\/1175"}],"wp:attachment":[{"href":"https:\/\/schneider-projekt-consult.com\/index.php?rest_route=%2Fwp%2Fv2%2Fmedia&parent=90"}],"curies":[{"name":"wp","href":"https:\/\/api.w.org\/{rel}","templated":true}]}}